{"id":911,"date":"2019-02-21T08:33:32","date_gmt":"2019-02-21T08:33:32","guid":{"rendered":"https:\/\/park-drive.be\/?page_id=911"},"modified":"2022-12-20T10:43:08","modified_gmt":"2022-12-20T10:43:08","slug":"datenschutz","status":"publish","type":"page","link":"https:\/\/park-drive.be\/de\/datenschutz\/","title":{"rendered":"Datenschutz"},"content":{"rendered":"<\/p>\n<h2>Wer wir sind<\/h2>\n<p>Die Adresse unserer Website lautet: http:\/\/park-drive.be.<\/p>\n<h2>Welche personenbezogenen Daten wir erfassen und warum wir sie erfassen<\/h2>\n<h3>Kommentare<\/h3>\n<p>Wenn Besucher Kommentare auf der Website hinterlassen, erfassen wir die im Kommentarformular angegebenen Daten, die IP-Adresse des Besuchers und den Benutzer-Agenten des Browsers, um Spam zu bek\u00e4mpfen.<\/p>\n<p>Eine anonymisierte Zeichenfolge, die auf der Grundlage Ihrer E-Mail-Adresse erstellt wird (dies wird auch als Hash-Code bezeichnet), kann an den Gravatar-Dienst gesendet werden, wenn Sie diesen nutzen. Die Seite mit der Datenschutzerkl\u00e4rung finden Sie hier: https:\/\/automattic.com\/privacy\/. Nachdem Ihr Kommentar genehmigt wurde, ist Ihr Profilbild im Zusammenhang mit Ihrem Kommentar \u00f6ffentlich sichtbar.<\/p>\n<h3>Datentr\u00e4ger<\/h3>\n<p>Wenn Sie Bilder auf die Website hochladen, sollten Sie es vermeiden, Bilder hochzuladen, die GPS-Standortdaten (EXIF-Daten) enthalten. Website-Besucher k\u00f6nnen diese Art von Bildern von Ihrer Website herunterladen und deren Standortdaten sehen.<\/p>\n<h3>Kontaktformulare<\/h3>\n<h3>Cookies<\/h3>\n<p>Wenn Sie einen Kommentar auf unserer Website hinterlassen, k\u00f6nnen Sie angeben, ob Ihr Name, Ihre E-Mail-Adresse und Ihre Website in einem Cookie gespeichert werden d\u00fcrfen. Dadurch ersparen Sie sich die erneute Eingabe dieser Daten bei einem neuen Kommentar. Diese Cookies sind ein Jahr lang g\u00fcltig.<\/p>\n<p>Wenn Sie ein Konto haben und sich auf dieser Website anmelden, speichern wir ein tempor\u00e4res Cookie, um festzustellen, ob Ihr Browser Cookies akzeptiert. Dieses Cookie enth\u00e4lt keine personenbezogenen Daten und wird gel\u00f6scht, sobald Sie Ihren Browser schlie\u00dfen.<\/p>\n<p>Sobald Sie sich anmelden, speichern wir einige Cookies, die sich auf Ihre Anmeldeinformationen und Bildschirmdarstellungsoptionen beziehen. Login-Cookies sind 2 Tage lang g\u00fcltig und Cookies f\u00fcr die Bildschirmdarstellung sind 1 Jahr lang g\u00fcltig. Wenn Sie \u201eAngemeldet bleiben\u201c w\u00e4hlen, wird Ihr Login f\u00fcr 2 Wochen gespeichert. Sobald Sie sich von Ihrem Konto abmelden, werden die Anmelde-Cookies gel\u00f6scht.<\/p>\n<p>Wenn Sie einen Kommentar \u00e4ndern oder ver\u00f6ffentlichen, wird ein zus\u00e4tzliches Cookie von Ihrem Browser gespeichert. Dieses Cookie enth\u00e4lt keine personenbezogenen Daten, sondern nur die Post-ID des Artikels, den Sie bearbeitet haben. Dieses Cookie verf\u00e4llt nach einem Tag.<\/p>\n<h3>Eingebettete Inhalte anderer Websites<\/h3>\n<p>Kommentare auf dieser Website k\u00f6nnen eingebettete Inhalte enthalten. Zum Beispiel Videos, Abbildungen, Meldungen usw. Eingebettete Inhalte anderer Websites verhalten sich genau so, als ob der Besucher diese andere Website besucht h\u00e4tte.<\/p>\n<p>Diese Websites k\u00f6nnen Daten \u00fcber Sie erfassen, Cookies verwenden, Tracking durch Dritte einbetten und Ihre Interaktion mit diesen eingebetteten Inhalten verfolgen, einschlie\u00dflich der Interaktion mit eingebetteten Inhalten, wenn Sie ein Konto haben und auf dieser Website angemeldet sind.<\/p>\n<h3>Analytics<\/h3>\n<h2>Mit wem wir Ihre Daten teilen<\/h2>\n<h2>Wie lange wir Ihre Daten speichern<\/h2>\n<p>Wenn Sie einen Kommentar hinterlassen, werden dieser Kommentar und seine Metadaten f\u00fcr immer gespeichert. Auf diese Weise k\u00f6nnen wir Folgekommentare automatisch erkennen und genehmigen, anstatt sie moderieren zu m\u00fcssen.<\/p>\n<p>F\u00fcr Benutzer, die sich auf unserer Website registrieren (falls zutreffend), speichern wir auch pers\u00f6nliche Informationen in ihrem Benutzerprofil. Alle Benutzer k\u00f6nnen ihre personenbezogenen Daten jederzeit einsehen, \u00e4ndern oder l\u00f6schen (nur der Benutzername kann nicht ge\u00e4ndert werden). Auch Website-Administratoren k\u00f6nnen diese Informationen einsehen und \u00e4ndern.<\/p>\n<h2>Welche Rechte haben Sie an Ihren eigenen Daten?<\/h2>\n<p>Wenn Sie ein Konto auf dieser Website haben oder Kommentare gepostet haben, k\u00f6nnen Sie eine Exportdatei Ihrer personenbezogenen Daten anfordern, die wir \u00fcber Sie gespeichert haben, einschlie\u00dflich aller Daten, die Sie uns gegeben haben. Sie k\u00f6nnen auch verlangen, dass wir diese personenbezogenen Daten, die wir \u00fcber Sie gespeichert haben, l\u00f6schen. Dies gilt nicht f\u00fcr Daten, die wir aus administrativen, rechtlichen oder Sicherheitsgr\u00fcnden aufbewahren m\u00fcssen.<\/p>\n<h2>Wohin wir Ihre Daten \u00fcbermitteln<\/h2>\n<p>Besucherkommentare k\u00f6nnen \u00fcber einen automatischen Spam-Erkennungsdienst \u00fcberwacht werden.<\/p>\n<h2>Ihre Kontaktinformationen<\/h2>\n<h2>Weitere Informationen<\/h2>\n<h3>Wie wir Ihre Daten sch\u00fctzen<\/h3>\n<h3>Die Verfahren, die wir im Falle eines Datenschutzversto\u00dfes anwenden<\/h3>\n<h3>Dritte, von denen wir Daten erhalten<\/h3>\n<h3>Welche automatisierte Entscheidungsfindung und\/oder welches Profiling wir mit Benutzerdaten durchf\u00fchren<\/h3>\n<h3>Offenlegungsverpflichtungen der Branche<\/h3>\n","protected":false},"excerpt":{"rendered":"<p>Wer wir sind Die Adresse unserer Website lautet: http:\/\/park-drive.be. Welche personenbezogenen Daten wir erfassen und warum wir sie erfassen Kommentare Wenn Besucher Kommentare auf der Website hinterlassen, erfassen wir die im Kommentarformular angegebenen Daten, die IP-Adresse des Besuchers und den Benutzer-Agenten des Browsers, um Spam zu bek\u00e4mpfen. Eine anonymisierte Zeichenfolge, die auf der Grundlage Ihrer [&hellip;]<\/p>\n","protected":false},"author":1,"featured_media":0,"parent":0,"menu_order":0,"comment_status":"closed","ping_status":"open","template":"","meta":{"rs_blank_template":"","rs_page_bg_color":"","slide_template_v7":"","footnotes":""},"class_list":["post-911","page","type-page","status-publish","hentry"],"yoast_head":"<!-- This site is optimized with the Yoast SEO plugin v27.3 - https:\/\/yoast.com\/product\/yoast-seo-wordpress\/ -->\n<title>Datenschutz - Park and Drive<\/title>\n<meta name=\"robots\" content=\"index, follow, max-snippet:-1, max-image-preview:large, max-video-preview:-1\" \/>\n<link rel=\"canonical\" href=\"https:\/\/park-drive.be\/de\/datenschutz\/\" \/>\n<meta property=\"og:locale\" content=\"de_DE\" \/>\n<meta property=\"og:type\" content=\"article\" \/>\n<meta property=\"og:title\" content=\"Datenschutz - Park and Drive\" \/>\n<meta property=\"og:description\" content=\"Wer wir sind Die Adresse unserer Website lautet: http:\/\/park-drive.be. Welche personenbezogenen Daten wir erfassen und warum wir sie erfassen Kommentare Wenn Besucher Kommentare auf der Website hinterlassen, erfassen wir die im Kommentarformular angegebenen Daten, die IP-Adresse des Besuchers und den Benutzer-Agenten des Browsers, um Spam zu bek\u00e4mpfen. Eine anonymisierte Zeichenfolge, die auf der Grundlage Ihrer [&hellip;]\" \/>\n<meta property=\"og:url\" content=\"https:\/\/park-drive.be\/de\/datenschutz\/\" \/>\n<meta property=\"og:site_name\" content=\"Park and Drive\" \/>\n<meta property=\"article:publisher\" content=\"https:\/\/www.facebook.com\/investmobile\/\" \/>\n<meta property=\"article:modified_time\" content=\"2022-12-20T10:43:08+00:00\" \/>\n<meta name=\"twitter:card\" content=\"summary_large_image\" \/>\n<meta name=\"twitter:label1\" content=\"Gesch\u00e4tzte Lesezeit\" \/>\n\t<meta name=\"twitter:data1\" content=\"3\u00a0Minuten\" \/>\n<script type=\"application\/ld+json\" class=\"yoast-schema-graph\">{\"@context\":\"https:\\\/\\\/schema.org\",\"@graph\":[{\"@type\":\"WebPage\",\"@id\":\"https:\\\/\\\/park-drive.be\\\/de\\\/datenschutz\\\/\",\"url\":\"https:\\\/\\\/park-drive.be\\\/de\\\/datenschutz\\\/\",\"name\":\"Datenschutz - Park and Drive\",\"isPartOf\":{\"@id\":\"https:\\\/\\\/park-drive.be\\\/de\\\/#website\"},\"datePublished\":\"2019-02-21T08:33:32+00:00\",\"dateModified\":\"2022-12-20T10:43:08+00:00\",\"breadcrumb\":{\"@id\":\"https:\\\/\\\/park-drive.be\\\/de\\\/datenschutz\\\/#breadcrumb\"},\"inLanguage\":\"de\",\"potentialAction\":[{\"@type\":\"ReadAction\",\"target\":[\"https:\\\/\\\/park-drive.be\\\/de\\\/datenschutz\\\/\"]}]},{\"@type\":\"BreadcrumbList\",\"@id\":\"https:\\\/\\\/park-drive.be\\\/de\\\/datenschutz\\\/#breadcrumb\",\"itemListElement\":[{\"@type\":\"ListItem\",\"position\":1,\"name\":\"Home\",\"item\":\"https:\\\/\\\/park-drive.be\\\/de\\\/park-drive-elektrisch\\\/\"},{\"@type\":\"ListItem\",\"position\":2,\"name\":\"Datenschutz\"}]},{\"@type\":\"WebSite\",\"@id\":\"https:\\\/\\\/park-drive.be\\\/de\\\/#website\",\"url\":\"https:\\\/\\\/park-drive.be\\\/de\\\/\",\"name\":\"Park and Drive\",\"description\":\"Een golfkar huren voor de openbare doet u vertrouwd Invest-Mobile\",\"potentialAction\":[{\"@type\":\"SearchAction\",\"target\":{\"@type\":\"EntryPoint\",\"urlTemplate\":\"https:\\\/\\\/park-drive.be\\\/de\\\/?s={search_term_string}\"},\"query-input\":{\"@type\":\"PropertyValueSpecification\",\"valueRequired\":true,\"valueName\":\"search_term_string\"}}],\"inLanguage\":\"de\"}]}<\/script>\n<!-- \/ Yoast SEO plugin. -->","yoast_head_json":{"title":"Datenschutz - Park and Drive","robots":{"index":"index","follow":"follow","max-snippet":"max-snippet:-1","max-image-preview":"max-image-preview:large","max-video-preview":"max-video-preview:-1"},"canonical":"https:\/\/park-drive.be\/de\/datenschutz\/","og_locale":"de_DE","og_type":"article","og_title":"Datenschutz - Park and Drive","og_description":"Wer wir sind Die Adresse unserer Website lautet: http:\/\/park-drive.be. Welche personenbezogenen Daten wir erfassen und warum wir sie erfassen Kommentare Wenn Besucher Kommentare auf der Website hinterlassen, erfassen wir die im Kommentarformular angegebenen Daten, die IP-Adresse des Besuchers und den Benutzer-Agenten des Browsers, um Spam zu bek\u00e4mpfen. Eine anonymisierte Zeichenfolge, die auf der Grundlage Ihrer [&hellip;]","og_url":"https:\/\/park-drive.be\/de\/datenschutz\/","og_site_name":"Park and Drive","article_publisher":"https:\/\/www.facebook.com\/investmobile\/","article_modified_time":"2022-12-20T10:43:08+00:00","twitter_card":"summary_large_image","twitter_misc":{"Gesch\u00e4tzte Lesezeit":"3\u00a0Minuten"},"schema":{"@context":"https:\/\/schema.org","@graph":[{"@type":"WebPage","@id":"https:\/\/park-drive.be\/de\/datenschutz\/","url":"https:\/\/park-drive.be\/de\/datenschutz\/","name":"Datenschutz - Park and Drive","isPartOf":{"@id":"https:\/\/park-drive.be\/de\/#website"},"datePublished":"2019-02-21T08:33:32+00:00","dateModified":"2022-12-20T10:43:08+00:00","breadcrumb":{"@id":"https:\/\/park-drive.be\/de\/datenschutz\/#breadcrumb"},"inLanguage":"de","potentialAction":[{"@type":"ReadAction","target":["https:\/\/park-drive.be\/de\/datenschutz\/"]}]},{"@type":"BreadcrumbList","@id":"https:\/\/park-drive.be\/de\/datenschutz\/#breadcrumb","itemListElement":[{"@type":"ListItem","position":1,"name":"Home","item":"https:\/\/park-drive.be\/de\/park-drive-elektrisch\/"},{"@type":"ListItem","position":2,"name":"Datenschutz"}]},{"@type":"WebSite","@id":"https:\/\/park-drive.be\/de\/#website","url":"https:\/\/park-drive.be\/de\/","name":"Park and Drive","description":"Een golfkar huren voor de openbare doet u vertrouwd Invest-Mobile","potentialAction":[{"@type":"SearchAction","target":{"@type":"EntryPoint","urlTemplate":"https:\/\/park-drive.be\/de\/?s={search_term_string}"},"query-input":{"@type":"PropertyValueSpecification","valueRequired":true,"valueName":"search_term_string"}}],"inLanguage":"de"}]}},"_links":{"self":[{"href":"https:\/\/park-drive.be\/de\/wp-json\/wp\/v2\/pages\/911","targetHints":{"allow":["GET"]}}],"collection":[{"href":"https:\/\/park-drive.be\/de\/wp-json\/wp\/v2\/pages"}],"about":[{"href":"https:\/\/park-drive.be\/de\/wp-json\/wp\/v2\/types\/page"}],"author":[{"embeddable":true,"href":"https:\/\/park-drive.be\/de\/wp-json\/wp\/v2\/users\/1"}],"replies":[{"embeddable":true,"href":"https:\/\/park-drive.be\/de\/wp-json\/wp\/v2\/comments?post=911"}],"version-history":[{"count":11,"href":"https:\/\/park-drive.be\/de\/wp-json\/wp\/v2\/pages\/911\/revisions"}],"predecessor-version":[{"id":1012,"href":"https:\/\/park-drive.be\/de\/wp-json\/wp\/v2\/pages\/911\/revisions\/1012"}],"wp:attachment":[{"href":"https:\/\/park-drive.be\/de\/wp-json\/wp\/v2\/media?parent=911"}],"curies":[{"name":"wp","href":"https:\/\/api.w.org\/{rel}","templated":true}]}}