{"id":893,"date":"2021-03-24T13:16:37","date_gmt":"2021-03-24T13:16:37","guid":{"rendered":"https:\/\/park-drive.be\/leasing-von-golfwagen\/"},"modified":"2022-12-29T05:49:39","modified_gmt":"2022-12-29T05:49:39","slug":"leasing-von-golfcarts","status":"publish","type":"page","link":"https:\/\/park-drive.be\/de\/leasing-von-golfcarts\/","title":{"rendered":"Leasing von Golfcarts"},"content":{"rendered":"\n<style type=\"text\/css\" data-created_by=\"avia_inline_auto\" id=\"style-css-av-j0sg7-0f59b3857ef175111c24c74d18034745\">\n.flex_column.av-j0sg7-0f59b3857ef175111c24c74d18034745{\nborder-radius:0px 0px 0px 0px;\npadding:0px 0px 0px 0px;\n}\n<\/style>\n<div  class='flex_column av-j0sg7-0f59b3857ef175111c24c74d18034745 av_one_full  avia-builder-el-0  el_before_av_two_fifth  avia-builder-el-first  first flex_column_div av-zero-column-padding  '     ><div  class='avia-slideshow av-jsem28mz-565116e0dc1555a160750df1f8974e4c avia-slideshow-featured_large av_slideshow avia-slide-slider  avia-builder-el-1  avia-builder-el-no-sibling  av-slideshow-ui av-control-default av-slideshow-manual av-loop-once av-loop-manual-endless av-default-height-applied avia-slideshow-1' data-slideshow-options=\"{&quot;animation&quot;:&quot;slide&quot;,&quot;autoplay&quot;:false,&quot;loop_autoplay&quot;:&quot;once&quot;,&quot;interval&quot;:5,&quot;loop_manual&quot;:&quot;manual-endless&quot;,&quot;autoplay_stopper&quot;:false,&quot;noNavigation&quot;:false,&quot;bg_slider&quot;:false,&quot;keep_padding&quot;:false,&quot;hoverpause&quot;:false,&quot;show_slide_delay&quot;:0}\"  itemprop=\"image\" itemscope=\"itemscope\" itemtype=\"https:\/\/schema.org\/ImageObject\" ><ul class='avia-slideshow-inner ' style='padding-bottom: 42%;'><li  class='avia-slideshow-slide av-jsem28mz-565116e0dc1555a160750df1f8974e4c__0  av-single-slide slide-1 slide-odd'><div data-rel='slideshow-1' class='avia-slide-wrap '   ><div class='av-slideshow-caption av-jsem28mz-565116e0dc1555a160750df1f8974e4c__0 avia-caption'><div class=\"avia-inner-caption\"><h2 class='avia-caption-title '  itemprop=\"name\" >LEASING VAN GOLFKARREN<\/h2><\/div><\/div><img decoding=\"async\" fetchpriority=\"high\" class=\"wp-image-889 avia-img-lazy-loading-not-889\"  src=\"https:\/\/park-drive.be\/wp-content\/uploads\/2021\/03\/leasing-1500x630.jpg\" width=\"1500\" height=\"630\" title='leasing' alt=''  itemprop=\"thumbnailUrl\"   \/><\/div><\/li><\/ul><\/div><\/div>\n\n<style type=\"text\/css\" data-created_by=\"avia_inline_auto\" id=\"style-css-av-hnij3-7d622d8cc93081ffe0e04fd4d376a249\">\n.flex_column.av-hnij3-7d622d8cc93081ffe0e04fd4d376a249{\nborder-radius:0px 0px 0px 0px;\npadding:0px 0px 0px 0px;\n}\n<\/style>\n<div  class='flex_column av-hnij3-7d622d8cc93081ffe0e04fd4d376a249 av_two_fifth  avia-builder-el-2  el_after_av_one_full  el_before_av_three_fifth  first flex_column_div av-zero-column-padding  column-top-margin'     ><style type=\"text\/css\" data-created_by=\"avia_inline_auto\" id=\"style-css-av-kmngx4dw-a48db160832e9329458c94154802fdaa\">\n.avia-image-container.av-kmngx4dw-a48db160832e9329458c94154802fdaa img.avia_image{\nbox-shadow:none;\n}\n.avia-image-container.av-kmngx4dw-a48db160832e9329458c94154802fdaa .av-image-caption-overlay-center{\ncolor:#ffffff;\n}\n<\/style>\n<div  class='avia-image-container av-kmngx4dw-a48db160832e9329458c94154802fdaa av-styling- avia-align-center  avia-builder-el-3  avia-builder-el-no-sibling '   itemprop=\"image\" itemscope=\"itemscope\" itemtype=\"https:\/\/schema.org\/ImageObject\" ><div class=\"avia-image-container-inner\"><div class=\"avia-image-overlay-wrap\"><img decoding=\"async\" fetchpriority=\"high\" class='wp-image-888 avia-img-lazy-loading-not-888 avia_image ' src=\"https:\/\/park-drive.be\/wp-content\/uploads\/2021\/03\/all-inclusiv-leasing.png\" alt='' title='all-inclusiv-leasing'  height=\"600\" width=\"900\"  itemprop=\"thumbnailUrl\" srcset=\"https:\/\/park-drive.be\/wp-content\/uploads\/2021\/03\/all-inclusiv-leasing.png 900w, https:\/\/park-drive.be\/wp-content\/uploads\/2021\/03\/all-inclusiv-leasing-300x200.png 300w, https:\/\/park-drive.be\/wp-content\/uploads\/2021\/03\/all-inclusiv-leasing-768x512.png 768w, https:\/\/park-drive.be\/wp-content\/uploads\/2021\/03\/all-inclusiv-leasing-705x470.png 705w\" sizes=\"(max-width: 900px) 100vw, 900px\" \/><\/div><\/div><\/div><\/div>\n\n<style type=\"text\/css\" data-created_by=\"avia_inline_auto\" id=\"style-css-av-9awrr-cfa400fafe589755c963e65c86f86cd9\">\n.flex_column.av-9awrr-cfa400fafe589755c963e65c86f86cd9{\nborder-radius:0px 0px 0px 0px;\npadding:0px 0px 0px 0px;\n}\n<\/style>\n<div  class='flex_column av-9awrr-cfa400fafe589755c963e65c86f86cd9 av_three_fifth  avia-builder-el-4  el_after_av_two_fifth  avia-builder-el-last  flex_column_div av-zero-column-padding  column-top-margin'     ><p>\n<style type=\"text\/css\" data-created_by=\"avia_inline_auto\" id=\"style-css-av-kmnha61b-d44d529e605a6cb0b15e05fe2331a512\">\n#top .av_textblock_section.av-kmnha61b-d44d529e605a6cb0b15e05fe2331a512 .avia_textblock{\nfont-size:20px;\n}\n<\/style>\n<section  class='av_textblock_section av-kmnha61b-d44d529e605a6cb0b15e05fe2331a512 '   itemscope=\"itemscope\" itemtype=\"https:\/\/schema.org\/CreativeWork\" ><div class='avia_textblock'  itemprop=\"text\" ><p>Um unseren Service weiter zu optimieren, sind wir eine <strong>Zusammenarbeit<\/strong> mit einigen <strong>Finanzdienstleistern<\/strong> eingegangen.<\/p>\n<\/div><\/section><br \/>\n<section  class='av_textblock_section av-kmngwbl9-c4decbbc55b7de07ebd3fd9320e5e18a '   itemscope=\"itemscope\" itemtype=\"https:\/\/schema.org\/CreativeWork\" ><div class='avia_textblock'  itemprop=\"text\" ><p>Mit ihrer Erfahrung beraten sie Sie beim Kauf eines bestimmten Typs Golfcart, der in ganz Europa auf \u00f6ffentlichen Stra\u00dfen zugelassen ist. Bei Bedarf stellen sie nat\u00fcrlich auch ein auf Ihre Bed\u00fcrfnisse zugeschnittenes Leasing zusammen.<\/p>\n<\/div><\/section><br \/>\n<section  class='av_textblock_section av-kmngxi2t-cf6a8e041a5546902ec71b449b350266 '   itemscope=\"itemscope\" itemtype=\"https:\/\/schema.org\/CreativeWork\" ><div class='avia_textblock'  itemprop=\"text\" ><blockquote>\n<p>Sowohl gesch\u00e4ftliches als auch privates Leasing ist m\u00f6glich<\/p>\n<\/blockquote>\n<\/div><\/section><br \/>\n\n<style type=\"text\/css\" data-created_by=\"avia_inline_auto\" id=\"style-css-av-kmngzee7-c643f05c123c93a31c2eec3b74cc78a6\">\n#top .avia-icon-list-container.av-kmngzee7-c643f05c123c93a31c2eec3b74cc78a6 .iconlist_icon{\ncolor:#b60600;\nfont-size:18px;\n}\n#top .avia-icon-list-container.av-kmngzee7-c643f05c123c93a31c2eec3b74cc78a6 .iconlist_icon svg:first-child{\nstroke:#b60600;\nfill:#b60600;\nheight:18px;\nwidth:18px;\n}\n#top #wrap_all .avia-icon-list-container.av-kmngzee7-c643f05c123c93a31c2eec3b74cc78a6 .av_iconlist_title{\nfont-size:18px;\n}\n<\/style>\n<div  class='avia-icon-list-container av-kmngzee7-c643f05c123c93a31c2eec3b74cc78a6  avia-builder-el-8  el_after_av_textblock  avia-builder-el-last '><ul class='avia-icon-list avia_animate_when_almost_visible avia-icon-list-left av-iconlist-small av-kmngzee7-c643f05c123c93a31c2eec3b74cc78a6 avia-iconlist-animate'>\n<li><div class='iconlist_icon av-kmngy6ik-8b5870933ed63ff338ff3e6fc92ed2b3 avia-font-entypo-fontello avia-iconfont avia-font-entypo-fontello'><span class='av-icon-char' data-av_icon='\ue885' data-av_iconfont='entypo-fontello' aria-hidden=\"true\"><\/span><\/div><article class=\"article-icon-entry av-iconlist-empty\"  itemscope=\"itemscope\" itemtype=\"https:\/\/schema.org\/CreativeWork\" ><div class=\"iconlist_content_wrap\"><header class=\"entry-content-header\" aria-label=\"Icon: Elektrische Nutzfahrzeuge mit Fahrerhaus und M-Kennzeichen\"><div class='av_iconlist_title iconlist_title_small  '  itemprop=\"headline\" >Elektrische Nutzfahrzeuge mit Fahrerhaus und M-Kennzeichen<\/div><\/header><div class='iconlist_content '  itemprop=\"text\" ><\/div><\/div><footer class=\"entry-footer\"><\/footer><\/article><div class=\"iconlist-timeline\"><\/div><\/li>\n<li><div class='iconlist_icon av-kmngy6ik-2fdd5294df662b468ababa887843ecaf avia-font-entypo-fontello avia-iconfont avia-font-entypo-fontello'><span class='av-icon-char' data-av_icon='\ue885' data-av_iconfont='entypo-fontello' aria-hidden=\"true\"><\/span><\/div><article class=\"article-icon-entry av-iconlist-empty\"  itemscope=\"itemscope\" itemtype=\"https:\/\/schema.org\/CreativeWork\" ><div class=\"iconlist_content_wrap\"><header class=\"entry-content-header\" aria-label=\"Icon: Elektrische Golfwagen mit Mopedkennzeichen\"><div class='av_iconlist_title iconlist_title_small  '  itemprop=\"headline\" >Elektrische Golfwagen mit Mopedkennzeichen<\/div><\/header><div class='iconlist_content '  itemprop=\"text\" ><\/div><\/div><footer class=\"entry-footer\"><\/footer><\/article><div class=\"iconlist-timeline\"><\/div><\/li>\n<li><div class='iconlist_icon av-kmngy6ik-80ec3119c8050dfefd768ade663fce47 avia-font-entypo-fontello avia-iconfont avia-font-entypo-fontello'><span class='av-icon-char' data-av_icon='\ue885' data-av_iconfont='entypo-fontello' aria-hidden=\"true\"><\/span><\/div><article class=\"article-icon-entry av-iconlist-empty\"  itemscope=\"itemscope\" itemtype=\"https:\/\/schema.org\/CreativeWork\" ><div class=\"iconlist_content_wrap\"><header class=\"entry-content-header\" aria-label=\"Icon: Elektrische Golfwagen mit Autonummernschild \"><div class='av_iconlist_title iconlist_title_small  '  itemprop=\"headline\" >Elektrische Golfwagen mit Autonummernschild <\/div><\/header><div class='iconlist_content '  itemprop=\"text\" ><\/div><\/div><footer class=\"entry-footer\"><\/footer><\/article><div class=\"iconlist-timeline\"><\/div><\/li>\n<li><div class='iconlist_icon av-kmngy6ik-0f0e8822a7b54291760d121c39fa77bc avia-font-entypo-fontello avia-iconfont avia-font-entypo-fontello'><span class='av-icon-char' data-av_icon='\ue885' data-av_iconfont='entypo-fontello' aria-hidden=\"true\"><\/span><\/div><article class=\"article-icon-entry av-iconlist-empty\"  itemscope=\"itemscope\" itemtype=\"https:\/\/schema.org\/CreativeWork\" ><div class=\"iconlist_content_wrap\"><header class=\"entry-content-header\" aria-label=\"Icon: Elektrische Golfwagen mit M-Nummernschild\"><div class='av_iconlist_title iconlist_title_small  '  itemprop=\"headline\" >Elektrische Golfwagen mit M-Nummernschild<\/div><\/header><div class='iconlist_content '  itemprop=\"text\" ><\/div><\/div><footer class=\"entry-footer\"><\/footer><\/article><div class=\"iconlist-timeline\"><\/div><\/li>\n<\/ul><\/div><\/p><\/div>\n","protected":false},"excerpt":{"rendered":"","protected":false},"author":1,"featured_media":0,"parent":0,"menu_order":0,"comment_status":"closed","ping_status":"closed","template":"","meta":{"rs_blank_template":"","rs_page_bg_color":"","slide_template_v7":"","footnotes":""},"class_list":["post-893","page","type-page","status-publish","hentry"],"yoast_head":"<!-- This site is optimized with the Yoast SEO plugin v27.3 - https:\/\/yoast.com\/product\/yoast-seo-wordpress\/ -->\n<title>Leasing von Golfcarts - Park and Drive<\/title>\n<meta name=\"robots\" content=\"index, follow, max-snippet:-1, max-image-preview:large, max-video-preview:-1\" \/>\n<link rel=\"canonical\" href=\"https:\/\/park-drive.be\/de\/leasing-von-golfcarts\/\" \/>\n<meta property=\"og:locale\" content=\"de_DE\" \/>\n<meta property=\"og:type\" content=\"article\" \/>\n<meta property=\"og:title\" content=\"Leasing von Golfcarts - Park and Drive\" \/>\n<meta property=\"og:url\" content=\"https:\/\/park-drive.be\/de\/leasing-von-golfcarts\/\" \/>\n<meta property=\"og:site_name\" content=\"Park and Drive\" \/>\n<meta property=\"article:publisher\" content=\"https:\/\/www.facebook.com\/investmobile\/\" \/>\n<meta property=\"article:modified_time\" content=\"2022-12-29T05:49:39+00:00\" \/>\n<meta name=\"twitter:card\" content=\"summary_large_image\" \/>\n<meta name=\"twitter:label1\" content=\"Gesch\u00e4tzte Lesezeit\" \/>\n\t<meta name=\"twitter:data1\" content=\"3\u00a0Minuten\" \/>\n<script type=\"application\/ld+json\" class=\"yoast-schema-graph\">{\"@context\":\"https:\\\/\\\/schema.org\",\"@graph\":[{\"@type\":\"WebPage\",\"@id\":\"https:\\\/\\\/park-drive.be\\\/de\\\/leasing-von-golfcarts\\\/\",\"url\":\"https:\\\/\\\/park-drive.be\\\/de\\\/leasing-von-golfcarts\\\/\",\"name\":\"Leasing von Golfcarts - Park and Drive\",\"isPartOf\":{\"@id\":\"https:\\\/\\\/park-drive.be\\\/de\\\/#website\"},\"datePublished\":\"2021-03-24T13:16:37+00:00\",\"dateModified\":\"2022-12-29T05:49:39+00:00\",\"breadcrumb\":{\"@id\":\"https:\\\/\\\/park-drive.be\\\/de\\\/leasing-von-golfcarts\\\/#breadcrumb\"},\"inLanguage\":\"de\",\"potentialAction\":[{\"@type\":\"ReadAction\",\"target\":[\"https:\\\/\\\/park-drive.be\\\/de\\\/leasing-von-golfcarts\\\/\"]}]},{\"@type\":\"BreadcrumbList\",\"@id\":\"https:\\\/\\\/park-drive.be\\\/de\\\/leasing-von-golfcarts\\\/#breadcrumb\",\"itemListElement\":[{\"@type\":\"ListItem\",\"position\":1,\"name\":\"Home\",\"item\":\"https:\\\/\\\/park-drive.be\\\/de\\\/park-drive-elektrisch\\\/\"},{\"@type\":\"ListItem\",\"position\":2,\"name\":\"Leasing von Golfcarts\"}]},{\"@type\":\"WebSite\",\"@id\":\"https:\\\/\\\/park-drive.be\\\/de\\\/#website\",\"url\":\"https:\\\/\\\/park-drive.be\\\/de\\\/\",\"name\":\"Park and Drive\",\"description\":\"Een golfkar huren voor de openbare doet u vertrouwd Invest-Mobile\",\"potentialAction\":[{\"@type\":\"SearchAction\",\"target\":{\"@type\":\"EntryPoint\",\"urlTemplate\":\"https:\\\/\\\/park-drive.be\\\/de\\\/?s={search_term_string}\"},\"query-input\":{\"@type\":\"PropertyValueSpecification\",\"valueRequired\":true,\"valueName\":\"search_term_string\"}}],\"inLanguage\":\"de\"}]}<\/script>\n<!-- \/ Yoast SEO plugin. -->","yoast_head_json":{"title":"Leasing von Golfcarts - Park and Drive","robots":{"index":"index","follow":"follow","max-snippet":"max-snippet:-1","max-image-preview":"max-image-preview:large","max-video-preview":"max-video-preview:-1"},"canonical":"https:\/\/park-drive.be\/de\/leasing-von-golfcarts\/","og_locale":"de_DE","og_type":"article","og_title":"Leasing von Golfcarts - Park and Drive","og_url":"https:\/\/park-drive.be\/de\/leasing-von-golfcarts\/","og_site_name":"Park and Drive","article_publisher":"https:\/\/www.facebook.com\/investmobile\/","article_modified_time":"2022-12-29T05:49:39+00:00","twitter_card":"summary_large_image","twitter_misc":{"Gesch\u00e4tzte Lesezeit":"3\u00a0Minuten"},"schema":{"@context":"https:\/\/schema.org","@graph":[{"@type":"WebPage","@id":"https:\/\/park-drive.be\/de\/leasing-von-golfcarts\/","url":"https:\/\/park-drive.be\/de\/leasing-von-golfcarts\/","name":"Leasing von Golfcarts - Park and Drive","isPartOf":{"@id":"https:\/\/park-drive.be\/de\/#website"},"datePublished":"2021-03-24T13:16:37+00:00","dateModified":"2022-12-29T05:49:39+00:00","breadcrumb":{"@id":"https:\/\/park-drive.be\/de\/leasing-von-golfcarts\/#breadcrumb"},"inLanguage":"de","potentialAction":[{"@type":"ReadAction","target":["https:\/\/park-drive.be\/de\/leasing-von-golfcarts\/"]}]},{"@type":"BreadcrumbList","@id":"https:\/\/park-drive.be\/de\/leasing-von-golfcarts\/#breadcrumb","itemListElement":[{"@type":"ListItem","position":1,"name":"Home","item":"https:\/\/park-drive.be\/de\/park-drive-elektrisch\/"},{"@type":"ListItem","position":2,"name":"Leasing von Golfcarts"}]},{"@type":"WebSite","@id":"https:\/\/park-drive.be\/de\/#website","url":"https:\/\/park-drive.be\/de\/","name":"Park and Drive","description":"Een golfkar huren voor de openbare doet u vertrouwd Invest-Mobile","potentialAction":[{"@type":"SearchAction","target":{"@type":"EntryPoint","urlTemplate":"https:\/\/park-drive.be\/de\/?s={search_term_string}"},"query-input":{"@type":"PropertyValueSpecification","valueRequired":true,"valueName":"search_term_string"}}],"inLanguage":"de"}]}},"_links":{"self":[{"href":"https:\/\/park-drive.be\/de\/wp-json\/wp\/v2\/pages\/893","targetHints":{"allow":["GET"]}}],"collection":[{"href":"https:\/\/park-drive.be\/de\/wp-json\/wp\/v2\/pages"}],"about":[{"href":"https:\/\/park-drive.be\/de\/wp-json\/wp\/v2\/types\/page"}],"author":[{"embeddable":true,"href":"https:\/\/park-drive.be\/de\/wp-json\/wp\/v2\/users\/1"}],"replies":[{"embeddable":true,"href":"https:\/\/park-drive.be\/de\/wp-json\/wp\/v2\/comments?post=893"}],"version-history":[{"count":11,"href":"https:\/\/park-drive.be\/de\/wp-json\/wp\/v2\/pages\/893\/revisions"}],"predecessor-version":[{"id":1051,"href":"https:\/\/park-drive.be\/de\/wp-json\/wp\/v2\/pages\/893\/revisions\/1051"}],"wp:attachment":[{"href":"https:\/\/park-drive.be\/de\/wp-json\/wp\/v2\/media?parent=893"}],"curies":[{"name":"wp","href":"https:\/\/api.w.org\/{rel}","templated":true}]}}